{"id":485,"date":"2026-05-07T14:07:07","date_gmt":"2026-05-07T12:07:07","guid":{"rendered":"https:\/\/fbvfamilylaw.co.uk\/?page_id=485"},"modified":"2026-05-07T14:38:59","modified_gmt":"2026-05-07T12:38:59","slug":"dans-les-medias","status":"publish","type":"page","link":"https:\/\/fbvfamilylaw.co.uk\/fr\/dans-les-medias\/","title":{"rendered":"Dans les m\u00e9dias"},"content":{"rendered":"<p>Retrouvez une s\u00e9lection d\u2019articles, interviews et interventions m\u00e9diatiques pr\u00e9sentant mon activit\u00e9 et mon expertise.<\/p>\n\n\n\n<ul class=\"wp-block-list\">\n<li><a href=\"https:\/\/www.lefigaro.fr\/economie\/maitre-bonnaillie-valmorin-la-double-specialiste-du-droit-de-la-famille-entre-la-france-et-le-royaume-uni-20251210\">Le Figaro &#8211; Ma\u00eetre Bonnaillie-Valmorin\u00a0: la double sp\u00e9cialiste du droit de la famille entre la France et le Royaume-Uni<\/a><\/li>\n\n\n\n<li><a href=\"https:\/\/francaisalondres.com\/francoise-bonnaillie-valmorin\/\">Fran\u00e7ais \u00e0 Londres &#8211; Les articles que j&#8217;ai r\u00e9dig\u00e9 pour leur blog<\/a><\/li>\n\n\n\n<li><a href=\"https:\/\/www.beyerfamilylaw.com\/\">Beyer Family Law<\/a><\/li>\n<\/ul>","protected":false},"excerpt":{"rendered":"<p>Retrouvez une s\u00e9lection d\u2019articles, interviews et interventions m\u00e9diatiques pr\u00e9sentant mon activit\u00e9 et mon expertise.<\/p>","protected":false},"author":1,"featured_media":0,"parent":0,"menu_order":0,"comment_status":"closed","ping_status":"closed","template":"","meta":{"_editorskit_title_hidden":false,"_editorskit_reading_time":0,"_editorskit_is_block_options_detached":false,"_editorskit_block_options_position":"{}","_eb_attr":"","footnotes":""},"class_list":["post-485","page","type-page","status-publish","hentry"],"yoast_head":"<!-- This site is optimized with the Yoast SEO plugin v22.9 - https:\/\/yoast.com\/wordpress\/plugins\/seo\/ -->\n<title>Dans les m\u00e9dias - FBV Family Law<\/title>\n<meta name=\"robots\" content=\"index, follow, max-snippet:-1, max-image-preview:large, max-video-preview:-1\" \/>\n<link rel=\"canonical\" href=\"https:\/\/fbvfamilylaw.co.uk\/fr\/dans-les-medias\/\" \/>\n<meta property=\"og:locale\" content=\"fr_FR\" \/>\n<meta property=\"og:type\" content=\"article\" \/>\n<meta property=\"og:title\" content=\"Dans les m\u00e9dias - FBV Family Law\" \/>\n<meta property=\"og:description\" content=\"Retrouvez une s\u00e9lection d\u2019articles, interviews et interventions m\u00e9diatiques pr\u00e9sentant mon activit\u00e9 et mon expertise.\" \/>\n<meta property=\"og:url\" content=\"https:\/\/fbvfamilylaw.co.uk\/fr\/dans-les-medias\/\" \/>\n<meta property=\"og:site_name\" content=\"FBV Family Law\" \/>\n<meta property=\"article:modified_time\" content=\"2026-05-07T12:38:59+00:00\" \/>\n<meta name=\"twitter:card\" content=\"summary_large_image\" \/>\n<meta name=\"twitter:label1\" content=\"Dur\u00e9e de lecture estim\u00e9e\" \/>\n\t<meta name=\"twitter:data1\" content=\"1 minute\" \/>\n<script type=\"application\/ld+json\" class=\"yoast-schema-graph\">{\"@context\":\"https:\/\/schema.org\",\"@graph\":[{\"@type\":\"WebPage\",\"@id\":\"https:\/\/fbvfamilylaw.co.uk\/fr\/dans-les-medias\/\",\"url\":\"https:\/\/fbvfamilylaw.co.uk\/fr\/dans-les-medias\/\",\"name\":\"Dans les m\u00e9dias - FBV Family Law\",\"isPartOf\":{\"@id\":\"https:\/\/fbvfamilylaw.co.uk\/fr\/#website\"},\"datePublished\":\"2026-05-07T12:07:07+00:00\",\"dateModified\":\"2026-05-07T12:38:59+00:00\",\"breadcrumb\":{\"@id\":\"https:\/\/fbvfamilylaw.co.uk\/fr\/dans-les-medias\/#breadcrumb\"},\"inLanguage\":\"fr-FR\",\"potentialAction\":[{\"@type\":\"ReadAction\",\"target\":[\"https:\/\/fbvfamilylaw.co.uk\/fr\/dans-les-medias\/\"]}]},{\"@type\":\"BreadcrumbList\",\"@id\":\"https:\/\/fbvfamilylaw.co.uk\/fr\/dans-les-medias\/#breadcrumb\",\"itemListElement\":[{\"@type\":\"ListItem\",\"position\":1,\"name\":\"Accueil\",\"item\":\"https:\/\/fbvfamilylaw.co.uk\/fr\/\"},{\"@type\":\"ListItem\",\"position\":2,\"name\":\"Dans les m\u00e9dias\"}]},{\"@type\":\"WebSite\",\"@id\":\"https:\/\/fbvfamilylaw.co.uk\/fr\/#website\",\"url\":\"https:\/\/fbvfamilylaw.co.uk\/fr\/\",\"name\":\"FBV Family Law\",\"description\":\"\",\"publisher\":{\"@id\":\"https:\/\/fbvfamilylaw.co.uk\/fr\/#organization\"},\"potentialAction\":[{\"@type\":\"SearchAction\",\"target\":{\"@type\":\"EntryPoint\",\"urlTemplate\":\"https:\/\/fbvfamilylaw.co.uk\/fr\/?s={search_term_string}\"},\"query-input\":\"required name=search_term_string\"}],\"inLanguage\":\"fr-FR\"},{\"@type\":\"Organization\",\"@id\":\"https:\/\/fbvfamilylaw.co.uk\/fr\/#organization\",\"name\":\"FBV Family Law\",\"url\":\"https:\/\/fbvfamilylaw.co.uk\/fr\/\",\"logo\":{\"@type\":\"ImageObject\",\"inLanguage\":\"fr-FR\",\"@id\":\"https:\/\/fbvfamilylaw.co.uk\/fr\/#\/schema\/logo\/image\/\",\"url\":\"https:\/\/fbvfamilylaw.co.uk\/wp-content\/uploads\/2024\/05\/favicon.png\",\"contentUrl\":\"https:\/\/fbvfamilylaw.co.uk\/wp-content\/uploads\/2024\/05\/favicon.png\",\"width\":141,\"height\":93,\"caption\":\"FBV Family Law\"},\"image\":{\"@id\":\"https:\/\/fbvfamilylaw.co.uk\/fr\/#\/schema\/logo\/image\/\"}}]}<\/script>\n<!-- \/ Yoast SEO plugin. -->","yoast_head_json":{"title":"Dans les m\u00e9dias - FBV Family Law","robots":{"index":"index","follow":"follow","max-snippet":"max-snippet:-1","max-image-preview":"max-image-preview:large","max-video-preview":"max-video-preview:-1"},"canonical":"https:\/\/fbvfamilylaw.co.uk\/fr\/dans-les-medias\/","og_locale":"fr_FR","og_type":"article","og_title":"Dans les m\u00e9dias - FBV Family Law","og_description":"Retrouvez une s\u00e9lection d\u2019articles, interviews et interventions m\u00e9diatiques pr\u00e9sentant mon activit\u00e9 et mon expertise.","og_url":"https:\/\/fbvfamilylaw.co.uk\/fr\/dans-les-medias\/","og_site_name":"FBV Family Law","article_modified_time":"2026-05-07T12:38:59+00:00","twitter_card":"summary_large_image","twitter_misc":{"Dur\u00e9e de lecture estim\u00e9e":"1 minute"},"schema":{"@context":"https:\/\/schema.org","@graph":[{"@type":"WebPage","@id":"https:\/\/fbvfamilylaw.co.uk\/fr\/dans-les-medias\/","url":"https:\/\/fbvfamilylaw.co.uk\/fr\/dans-les-medias\/","name":"Dans les m\u00e9dias - FBV Family Law","isPartOf":{"@id":"https:\/\/fbvfamilylaw.co.uk\/fr\/#website"},"datePublished":"2026-05-07T12:07:07+00:00","dateModified":"2026-05-07T12:38:59+00:00","breadcrumb":{"@id":"https:\/\/fbvfamilylaw.co.uk\/fr\/dans-les-medias\/#breadcrumb"},"inLanguage":"fr-FR","potentialAction":[{"@type":"ReadAction","target":["https:\/\/fbvfamilylaw.co.uk\/fr\/dans-les-medias\/"]}]},{"@type":"BreadcrumbList","@id":"https:\/\/fbvfamilylaw.co.uk\/fr\/dans-les-medias\/#breadcrumb","itemListElement":[{"@type":"ListItem","position":1,"name":"Accueil","item":"https:\/\/fbvfamilylaw.co.uk\/fr\/"},{"@type":"ListItem","position":2,"name":"Dans les m\u00e9dias"}]},{"@type":"WebSite","@id":"https:\/\/fbvfamilylaw.co.uk\/fr\/#website","url":"https:\/\/fbvfamilylaw.co.uk\/fr\/","name":"FBV Family Law","description":"","publisher":{"@id":"https:\/\/fbvfamilylaw.co.uk\/fr\/#organization"},"potentialAction":[{"@type":"SearchAction","target":{"@type":"EntryPoint","urlTemplate":"https:\/\/fbvfamilylaw.co.uk\/fr\/?s={search_term_string}"},"query-input":"required name=search_term_string"}],"inLanguage":"fr-FR"},{"@type":"Organization","@id":"https:\/\/fbvfamilylaw.co.uk\/fr\/#organization","name":"FBV Family Law","url":"https:\/\/fbvfamilylaw.co.uk\/fr\/","logo":{"@type":"ImageObject","inLanguage":"fr-FR","@id":"https:\/\/fbvfamilylaw.co.uk\/fr\/#\/schema\/logo\/image\/","url":"https:\/\/fbvfamilylaw.co.uk\/wp-content\/uploads\/2024\/05\/favicon.png","contentUrl":"https:\/\/fbvfamilylaw.co.uk\/wp-content\/uploads\/2024\/05\/favicon.png","width":141,"height":93,"caption":"FBV Family Law"},"image":{"@id":"https:\/\/fbvfamilylaw.co.uk\/fr\/#\/schema\/logo\/image\/"}}]}},"_links":{"self":[{"href":"https:\/\/fbvfamilylaw.co.uk\/fr\/wp-json\/wp\/v2\/pages\/485","targetHints":{"allow":["GET"]}}],"collection":[{"href":"https:\/\/fbvfamilylaw.co.uk\/fr\/wp-json\/wp\/v2\/pages"}],"about":[{"href":"https:\/\/fbvfamilylaw.co.uk\/fr\/wp-json\/wp\/v2\/types\/page"}],"author":[{"embeddable":true,"href":"https:\/\/fbvfamilylaw.co.uk\/fr\/wp-json\/wp\/v2\/users\/1"}],"replies":[{"embeddable":true,"href":"https:\/\/fbvfamilylaw.co.uk\/fr\/wp-json\/wp\/v2\/comments?post=485"}],"version-history":[{"count":1,"href":"https:\/\/fbvfamilylaw.co.uk\/fr\/wp-json\/wp\/v2\/pages\/485\/revisions"}],"predecessor-version":[{"id":486,"href":"https:\/\/fbvfamilylaw.co.uk\/fr\/wp-json\/wp\/v2\/pages\/485\/revisions\/486"}],"wp:attachment":[{"href":"https:\/\/fbvfamilylaw.co.uk\/fr\/wp-json\/wp\/v2\/media?parent=485"}],"curies":[{"name":"wp","href":"https:\/\/api.w.org\/{rel}","templated":true}]}}