{"id":367,"date":"2024-05-29T09:57:37","date_gmt":"2024-05-29T07:57:37","guid":{"rendered":"https:\/\/fbvfamilylaw.co.uk\/?page_id=367"},"modified":"2024-06-20T23:44:12","modified_gmt":"2024-06-20T21:44:12","slug":"faq-2","status":"publish","type":"page","link":"https:\/\/fbvfamilylaw.co.uk\/fr\/faq-2\/","title":{"rendered":"FAQ"},"content":{"rendered":"<div class=\"wp-block-group alignwide\"><div class=\"wp-block-group__inner-container is-layout-constrained wp-block-group-is-layout-constrained\">\n<div class=\"wp-block-essential-blocks-accordion alignwide  root-eb-accordion-31gi5\"><div class=\"eb-parent-wrapper eb-parent-eb-accordion-31gi5\"><div class=\"eb-accordion-container eb-accordion-31gi5\" data-accordion-type=\"accordion\" data-tab-icon=\"dashicons-arrow-right-alt2\" data-expanded-icon=\"dashicons-arrow-down-alt2\" data-transition-duration=\"500\"><div class=\"eb-accordion-inner\">\n<div class=\"wp-block-essential-blocks-accordion-item eb-accordion-item-gczay eb-accordion-wrapper\" data-clickable=\"false\"><div class=\"eb-accordion-title-wrapper eb-accordion-title-wrapper-eb-accordion-31gi5\" tabindex=\"0\"><span class=\"eb-accordion-icon-wrapper eb-accordion-icon-wrapper-eb-accordion-31gi5\"><span class=\"dashicon dashicons dashicons-arrow-right-alt2 eb-accordion-icon\"><\/span><\/span><div class=\"eb-accordion-title-content-wrap title-content-eb-accordion-31gi5\"><p class=\"eb-accordion-title\">Je me suis mari\u00e9 en France. Puis-je divorcer en Angleterre ?<\/p><\/div><\/div><div class=\"eb-accordion-content-wrapper eb-accordion-content-wrapper-eb-accordion-31gi5\"><div class=\"eb-accordion-content\">\n<p>Le lieu du mariage n&#8217;est pas pertinent. Vous pouvez vous marier sur une plage des Bahamas et avoir le droit de divorcer en Angleterre. Les crit\u00e8res pertinents sont la r\u00e9sidence habituelle, la nationalit\u00e9 et le domicile. Si vous \u00eates fran\u00e7ais et que vous r\u00e9sidez habituellement en Angleterre, les tribunaux d&#8217;Angleterre et du Pays de Galles seront comp\u00e9tents.<\/p>\n<\/div><\/div><\/div>\n\n\n\n<div class=\"wp-block-essential-blocks-accordion-item eb-accordion-item-4dkkt eb-accordion-wrapper\" data-clickable=\"false\"><div class=\"eb-accordion-title-wrapper eb-accordion-title-wrapper-eb-accordion-31gi5\" tabindex=\"0\"><span class=\"eb-accordion-icon-wrapper eb-accordion-icon-wrapper-eb-accordion-31gi5\"><span class=\"dashicon dashicons dashicons-arrow-right-alt2 eb-accordion-icon\"><\/span><\/span><div class=\"eb-accordion-title-content-wrap title-content-eb-accordion-31gi5\"><p class=\"eb-accordion-title\">Je suis fran\u00e7ais. J&#8217;ai obtenu le d\u00e9cret d\u00e9finitif. Mon dossier est-il termin\u00e9 ?<\/p><\/div><\/div><div class=\"eb-accordion-content-wrapper eb-accordion-content-wrapper-eb-accordion-31gi5\"><div class=\"eb-accordion-content\">\n<p>Non, votre affaire n&#8217;est pas termin\u00e9e. En tant que ressortissant fran\u00e7ais, vous devrez faire enregistrer votre divorce anglais en France. Ce sera la preuve dont les autorit\u00e9s fran\u00e7aises et les tiers auront besoin pour prouver que votre mariage a pris fin. Il sera essentiel pour les autorit\u00e9s fiscales fran\u00e7aises d&#8217;enregistrer votre divorce.<\/p>\n<\/div><\/div><\/div>\n\n\n\n<div class=\"wp-block-essential-blocks-accordion-item eb-accordion-item-ovicd eb-accordion-wrapper\" data-clickable=\"false\"><div class=\"eb-accordion-title-wrapper eb-accordion-title-wrapper-eb-accordion-31gi5\" tabindex=\"0\"><span class=\"eb-accordion-icon-wrapper eb-accordion-icon-wrapper-eb-accordion-31gi5\"><span class=\"dashicon dashicons dashicons-arrow-right-alt2 eb-accordion-icon\"><\/span><\/span><div class=\"eb-accordion-title-content-wrap title-content-eb-accordion-31gi5\"><p class=\"eb-accordion-title\">Je suis fran\u00e7ais. Mon ami en Angleterre a chang\u00e9 son nom par Deed of Poll. Puis-je faire de m\u00eame ?<\/p><\/div><\/div><div class=\"eb-accordion-content-wrapper eb-accordion-content-wrapper-eb-accordion-31gi5\"><div class=\"eb-accordion-content\">\n<p>Non, vous ne pouvez pas changer votre nom par Deed of Poll si vous \u00eates fran\u00e7ais. La loi fran\u00e7aise a chang\u00e9 \u00e0 l&#8217;\u00e9t\u00e9 2022 et il est d\u00e9sormais plus facile de changer de nom, mais vous ne pouvez qu&#8217;ajouter le nom de votre second parent ou le remplacer par le nom de votre second parent.<\/p>\n<\/div><\/div><\/div>\n\n\n\n<div class=\"wp-block-essential-blocks-accordion-item eb-accordion-item-faqgq eb-accordion-wrapper\" data-clickable=\"false\"><div class=\"eb-accordion-title-wrapper eb-accordion-title-wrapper-eb-accordion-31gi5\" tabindex=\"0\"><span class=\"eb-accordion-icon-wrapper eb-accordion-icon-wrapper-eb-accordion-31gi5\"><span class=\"dashicon dashicons dashicons-arrow-right-alt2 eb-accordion-icon\"><\/span><\/span><div class=\"eb-accordion-title-content-wrap title-content-eb-accordion-31gi5\"><p class=\"eb-accordion-title\">Je suis \u00e0 Londres. Le p\u00e8re de mon enfant est en France. Puis-je d\u00e9cider seule du choix de l&#8217;\u00e9cole ?<\/p><\/div><\/div><div class=\"eb-accordion-content-wrapper eb-accordion-content-wrapper-eb-accordion-31gi5\"><div class=\"eb-accordion-content\">\n<p>Si le p\u00e8re a la responsabilit\u00e9 parentale, vous devrez prendre des d\u00e9cisions communes sur toutes les questions importantes concernant votre enfant : le choix de l&#8217;\u00e9cole, le lieu de vie, les traitements m\u00e9dicaux \u00e9ventuels, la pratique d&#8217;une religion&#8230; Lorsque les parents sont mari\u00e9s, ils d\u00e9tiennent tous les deux la responsabilit\u00e9 parentale. Lorsque les parents ne sont pas mari\u00e9s, le p\u00e8re dont le nom figure sur l&#8217;acte de naissance est automatiquement titulaire de la responsabilit\u00e9 parentale.<\/p>\n<\/div><\/div><\/div>\n\n\n\n<div class=\"wp-block-essential-blocks-accordion-item eb-accordion-item-69piq eb-accordion-wrapper\" data-clickable=\"false\"><div class=\"eb-accordion-title-wrapper eb-accordion-title-wrapper-eb-accordion-31gi5\" tabindex=\"0\"><span class=\"eb-accordion-icon-wrapper eb-accordion-icon-wrapper-eb-accordion-31gi5\"><span class=\"dashicon dashicons dashicons-arrow-right-alt2 eb-accordion-icon\"><\/span><\/span><div class=\"eb-accordion-title-content-wrap title-content-eb-accordion-31gi5\"><p class=\"eb-accordion-title\">Comment puis-je obtenir un jugement de divorce original ?<\/p><\/div><\/div><div class=\"eb-accordion-content-wrapper eb-accordion-content-wrapper-eb-accordion-31gi5\"><div class=\"eb-accordion-content\">\n<p>Depuis le 27 avril 2015, les ordonnances rendues par les tribunaux de la famille en Angleterre et au Pays de Galles portent une image \u00e9lectronique du sceau unique du tribunal de la famille. Cette mesure s&#8217;applique \u00e0 toutes les ordonnances du tribunal de la famille, y compris le d\u00e9cret final rendu \u00e0 la suite de la dissolution d&#8217;un mariage. Par cons\u00e9quent, ces ordonnances sont des ordonnances l\u00e9gitimes du tribunal de la famille et elles ne doivent pas \u00eatre refus\u00e9es en raison de la pr\u00e9sence d&#8217;une image \u00e9lectronique. Si votre avocat fran\u00e7ais insiste pour obtenir un nouvel original, vous pouvez toujours demander une copie certifi\u00e9e de votre ordonnance directement au tribunal et payer des frais de 10 livres sterling.<\/p>\n<\/div><\/div><\/div>\n\n\n\n<div class=\"wp-block-essential-blocks-accordion-item eb-accordion-item-4no4r eb-accordion-wrapper\" data-clickable=\"false\"><div class=\"eb-accordion-title-wrapper eb-accordion-title-wrapper-eb-accordion-31gi5\" tabindex=\"0\"><span class=\"eb-accordion-icon-wrapper eb-accordion-icon-wrapper-eb-accordion-31gi5\"><span class=\"dashicon dashicons dashicons-arrow-right-alt2 eb-accordion-icon\"><\/span><\/span><div class=\"eb-accordion-title-content-wrap title-content-eb-accordion-31gi5\"><p class=\"eb-accordion-title\">Le divorce fran\u00e7ais par consentement mutuel enregistr\u00e9 chez le notaire est-il reconnu en Angleterre ?<\/p><\/div><\/div><div class=\"eb-accordion-content-wrapper eb-accordion-content-wrapper-eb-accordion-31gi5\"><div class=\"eb-accordion-content\">\n<p>Oui, la d\u00e9cision de divorce est reconnue en tant que telle en Angleterre. Ce qui peut s&#8217;av\u00e9rer difficile, c&#8217;est l&#8217;existence d&#8217;ordonnances financi\u00e8res en cours. Vous aurez beaucoup de mal \u00e0 les faire appliquer en Angleterre, car les dispositions ne font pas partie d&#8217;un jugement.<\/p>\n<\/div><\/div><\/div>\n\n\n\n<div class=\"wp-block-essential-blocks-accordion-item eb-accordion-item-5mgwl eb-accordion-wrapper\" data-clickable=\"false\"><div class=\"eb-accordion-title-wrapper eb-accordion-title-wrapper-eb-accordion-31gi5\" tabindex=\"0\"><span class=\"eb-accordion-icon-wrapper eb-accordion-icon-wrapper-eb-accordion-31gi5\"><span class=\"dashicon dashicons dashicons-arrow-right-alt2 eb-accordion-icon\"><\/span><\/span><div class=\"eb-accordion-title-content-wrap title-content-eb-accordion-31gi5\"><p class=\"eb-accordion-title\">Puis-je emmener mes enfants en vacances \u00e0 l&#8217;\u00e9tranger m\u00eame si l&#8217;autre parent s&#8217;y oppose ?<\/p><\/div><\/div><div class=\"eb-accordion-content-wrapper eb-accordion-content-wrapper-eb-accordion-31gi5\"><div class=\"eb-accordion-content\">\n<p>S&#8217;il n&#8217;existe pas d&#8217;ordonnance relative aux arrangements concernant les enfants, vous ne pouvez pas faire sortir les enfants d&#8217;Angleterre et du Pays de Galles \u00e0 des fins de vacances si l&#8217;autre parent ne donne pas son consentement.<\/p>\n\n\n\n<p>Si vous faites l&#8217;objet d&#8217;une d\u00e9cision d&#8217;am\u00e9nagement de la garde des enfants, vous pouvez emmener vos enfants \u00e0 l&#8217;\u00e9tranger pour une dur\u00e9e maximale de 28 jours et vous devez en informer l&#8217;autre parent.<\/p>\n<\/div><\/div><\/div>\n\n\n\n<div class=\"wp-block-essential-blocks-accordion-item eb-accordion-item-pomwi eb-accordion-wrapper\" data-clickable=\"false\"><div class=\"eb-accordion-title-wrapper eb-accordion-title-wrapper-eb-accordion-31gi5\" tabindex=\"0\"><span class=\"eb-accordion-icon-wrapper eb-accordion-icon-wrapper-eb-accordion-31gi5\"><span class=\"dashicon dashicons dashicons-arrow-right-alt2 eb-accordion-icon\"><\/span><\/span><div class=\"eb-accordion-title-content-wrap title-content-eb-accordion-31gi5\"><p class=\"eb-accordion-title\">Je veux divorcer. Puis-je agir seul ?<\/p><\/div><\/div><div class=\"eb-accordion-content-wrapper eb-accordion-content-wrapper-eb-accordion-31gi5\"><div class=\"eb-accordion-content\">\n<p>Absolument. En Angleterre, la repr\u00e9sentation n&#8217;est pas obligatoire. En France, vous devez \u00eatre repr\u00e9sent\u00e9 par un avocat. En Angleterre, vous pouvez tout faire vous-m\u00eame en ligne (DIY divorce). Tous les formulaires et les demandes sont disponibles sur le site web du gouvernement. Pour le r\u00e8glement financier, je vous recommande de faire appel \u00e0 un avocat.<\/p>\n<\/div><\/div><\/div>\n\n\n\n<div class=\"wp-block-essential-blocks-accordion-item eb-accordion-item-5bvgt eb-accordion-wrapper\" data-clickable=\"false\"><div class=\"eb-accordion-title-wrapper eb-accordion-title-wrapper-eb-accordion-31gi5\" tabindex=\"0\"><span class=\"eb-accordion-icon-wrapper eb-accordion-icon-wrapper-eb-accordion-31gi5\"><span class=\"dashicon dashicons dashicons-arrow-right-alt2 eb-accordion-icon\"><\/span><\/span><div class=\"eb-accordion-title-content-wrap title-content-eb-accordion-31gi5\"><p class=\"eb-accordion-title\">L&#8217;ordonnance de pension alimentaire stipule que les paiements pour mon enfant sont dus jusqu&#8217;\u00e0 ce qu&#8217;il atteigne l&#8217;\u00e2ge de 18 ans ou qu&#8217;il cesse ses \u00e9tudes secondaires. Puis-je modifier le montant ?<\/p><\/div><\/div><div class=\"eb-accordion-content-wrapper eb-accordion-content-wrapper-eb-accordion-31gi5\"><div class=\"eb-accordion-content\">\n<p>Oui, toutes les ordonnances sont r\u00e9dig\u00e9es de la m\u00eame mani\u00e8re (jusqu&#8217;\u00e0 18 ans\u2026), mais en cas de changement de circonstances, comme par exemple un changement dans les besoins de votre enfant ou un changement dans votre situation financi\u00e8re, vous pouvez demander une modification du montant de la pension alimentaire.<\/p>\n<\/div><\/div><\/div>\n\n\n\n<div class=\"wp-block-essential-blocks-accordion-item eb-accordion-item-xg47l eb-accordion-wrapper\" data-clickable=\"false\"><div class=\"eb-accordion-title-wrapper eb-accordion-title-wrapper-eb-accordion-31gi5\" tabindex=\"0\"><span class=\"eb-accordion-icon-wrapper eb-accordion-icon-wrapper-eb-accordion-31gi5\"><span class=\"dashicon dashicons dashicons-arrow-right-alt2 eb-accordion-icon\"><\/span><\/span><div class=\"eb-accordion-title-content-wrap title-content-eb-accordion-31gi5\"><p class=\"eb-accordion-title\">Combien de temps faut-il pour divorcer en Angleterre ?<\/p><\/div><\/div><div class=\"eb-accordion-content-wrapper eb-accordion-content-wrapper-eb-accordion-31gi5\"><div class=\"eb-accordion-content\">\n<p>Une fois la demande \u00e9mise, il y a une p\u00e9riode obligatoire de 20 semaines avant de demander le divorce conditionnel. Une fois que vous avez obtenu le jugement conditionnel, il y a \u00e9galement une p\u00e9riode obligatoire de 6 semaines + 1 jour avant que vous puissiez demander le divorce d\u00e9finitif. Ce qui peut prendre plus de temps, c&#8217;est de se mettre d&#8217;accord sur un r\u00e8glement financier.<\/p>\n<\/div><\/div><\/div>\n<\/div><\/div><\/div><\/div>\n<\/div><\/div>","protected":false},"excerpt":{"rendered":"","protected":false},"author":1,"featured_media":0,"parent":0,"menu_order":0,"comment_status":"closed","ping_status":"closed","template":"","meta":{"_editorskit_title_hidden":false,"_editorskit_reading_time":0,"_editorskit_is_block_options_detached":false,"_editorskit_block_options_position":"{}","_eb_attr":"","footnotes":""},"class_list":["post-367","page","type-page","status-publish","hentry"],"yoast_head":"<!-- This site is optimized with the Yoast SEO plugin v22.9 - https:\/\/yoast.com\/wordpress\/plugins\/seo\/ -->\n<title>FAQ - FBV Family Law<\/title>\n<meta name=\"description\" content=\"Consultez ma FAQ et trouvez des r\u00e9ponses aux questions fr\u00e9quemment pos\u00e9es par mes clients au cours de ma carri\u00e8re.\" \/>\n<meta name=\"robots\" content=\"index, follow, max-snippet:-1, max-image-preview:large, max-video-preview:-1\" \/>\n<link rel=\"canonical\" href=\"https:\/\/fbvfamilylaw.co.uk\/fr\/faq-2\/\" \/>\n<meta property=\"og:locale\" content=\"fr_FR\" \/>\n<meta property=\"og:type\" content=\"article\" \/>\n<meta property=\"og:title\" content=\"FAQ - FBV Family Law\" \/>\n<meta property=\"og:description\" content=\"Consultez ma FAQ et trouvez des r\u00e9ponses aux questions fr\u00e9quemment pos\u00e9es par mes clients au cours de ma carri\u00e8re.\" \/>\n<meta property=\"og:url\" content=\"https:\/\/fbvfamilylaw.co.uk\/fr\/faq-2\/\" \/>\n<meta property=\"og:site_name\" content=\"FBV Family Law\" \/>\n<meta property=\"article:modified_time\" content=\"2024-06-20T21:44:12+00:00\" \/>\n<meta name=\"twitter:card\" content=\"summary_large_image\" \/>\n<meta name=\"twitter:label1\" content=\"Dur\u00e9e de lecture estim\u00e9e\" \/>\n\t<meta name=\"twitter:data1\" content=\"4 minutes\" \/>\n<script type=\"application\/ld+json\" class=\"yoast-schema-graph\">{\"@context\":\"https:\/\/schema.org\",\"@graph\":[{\"@type\":\"WebPage\",\"@id\":\"https:\/\/fbvfamilylaw.co.uk\/fr\/faq-2\/\",\"url\":\"https:\/\/fbvfamilylaw.co.uk\/fr\/faq-2\/\",\"name\":\"FAQ - FBV Family Law\",\"isPartOf\":{\"@id\":\"https:\/\/fbvfamilylaw.co.uk\/fr\/#website\"},\"datePublished\":\"2024-05-29T07:57:37+00:00\",\"dateModified\":\"2024-06-20T21:44:12+00:00\",\"description\":\"Consultez ma FAQ et trouvez des r\u00e9ponses aux questions fr\u00e9quemment pos\u00e9es par mes clients au cours de ma carri\u00e8re.\",\"breadcrumb\":{\"@id\":\"https:\/\/fbvfamilylaw.co.uk\/fr\/faq-2\/#breadcrumb\"},\"inLanguage\":\"fr-FR\",\"potentialAction\":[{\"@type\":\"ReadAction\",\"target\":[\"https:\/\/fbvfamilylaw.co.uk\/fr\/faq-2\/\"]}]},{\"@type\":\"BreadcrumbList\",\"@id\":\"https:\/\/fbvfamilylaw.co.uk\/fr\/faq-2\/#breadcrumb\",\"itemListElement\":[{\"@type\":\"ListItem\",\"position\":1,\"name\":\"Accueil\",\"item\":\"https:\/\/fbvfamilylaw.co.uk\/fr\/\"},{\"@type\":\"ListItem\",\"position\":2,\"name\":\"FAQ\"}]},{\"@type\":\"WebSite\",\"@id\":\"https:\/\/fbvfamilylaw.co.uk\/fr\/#website\",\"url\":\"https:\/\/fbvfamilylaw.co.uk\/fr\/\",\"name\":\"FBV Family Law\",\"description\":\"\",\"publisher\":{\"@id\":\"https:\/\/fbvfamilylaw.co.uk\/fr\/#organization\"},\"potentialAction\":[{\"@type\":\"SearchAction\",\"target\":{\"@type\":\"EntryPoint\",\"urlTemplate\":\"https:\/\/fbvfamilylaw.co.uk\/fr\/?s={search_term_string}\"},\"query-input\":\"required name=search_term_string\"}],\"inLanguage\":\"fr-FR\"},{\"@type\":\"Organization\",\"@id\":\"https:\/\/fbvfamilylaw.co.uk\/fr\/#organization\",\"name\":\"FBV Family Law\",\"url\":\"https:\/\/fbvfamilylaw.co.uk\/fr\/\",\"logo\":{\"@type\":\"ImageObject\",\"inLanguage\":\"fr-FR\",\"@id\":\"https:\/\/fbvfamilylaw.co.uk\/fr\/#\/schema\/logo\/image\/\",\"url\":\"https:\/\/fbvfamilylaw.co.uk\/wp-content\/uploads\/2024\/05\/favicon.png\",\"contentUrl\":\"https:\/\/fbvfamilylaw.co.uk\/wp-content\/uploads\/2024\/05\/favicon.png\",\"width\":141,\"height\":93,\"caption\":\"FBV Family Law\"},\"image\":{\"@id\":\"https:\/\/fbvfamilylaw.co.uk\/fr\/#\/schema\/logo\/image\/\"}}]}<\/script>\n<!-- \/ Yoast SEO plugin. -->","yoast_head_json":{"title":"FAQ - FBV Family Law","description":"Consultez ma FAQ et trouvez des r\u00e9ponses aux questions fr\u00e9quemment pos\u00e9es par mes clients au cours de ma carri\u00e8re.","robots":{"index":"index","follow":"follow","max-snippet":"max-snippet:-1","max-image-preview":"max-image-preview:large","max-video-preview":"max-video-preview:-1"},"canonical":"https:\/\/fbvfamilylaw.co.uk\/fr\/faq-2\/","og_locale":"fr_FR","og_type":"article","og_title":"FAQ - FBV Family Law","og_description":"Consultez ma FAQ et trouvez des r\u00e9ponses aux questions fr\u00e9quemment pos\u00e9es par mes clients au cours de ma carri\u00e8re.","og_url":"https:\/\/fbvfamilylaw.co.uk\/fr\/faq-2\/","og_site_name":"FBV Family Law","article_modified_time":"2024-06-20T21:44:12+00:00","twitter_card":"summary_large_image","twitter_misc":{"Dur\u00e9e de lecture estim\u00e9e":"4 minutes"},"schema":{"@context":"https:\/\/schema.org","@graph":[{"@type":"WebPage","@id":"https:\/\/fbvfamilylaw.co.uk\/fr\/faq-2\/","url":"https:\/\/fbvfamilylaw.co.uk\/fr\/faq-2\/","name":"FAQ - FBV Family Law","isPartOf":{"@id":"https:\/\/fbvfamilylaw.co.uk\/fr\/#website"},"datePublished":"2024-05-29T07:57:37+00:00","dateModified":"2024-06-20T21:44:12+00:00","description":"Consultez ma FAQ et trouvez des r\u00e9ponses aux questions fr\u00e9quemment pos\u00e9es par mes clients au cours de ma carri\u00e8re.","breadcrumb":{"@id":"https:\/\/fbvfamilylaw.co.uk\/fr\/faq-2\/#breadcrumb"},"inLanguage":"fr-FR","potentialAction":[{"@type":"ReadAction","target":["https:\/\/fbvfamilylaw.co.uk\/fr\/faq-2\/"]}]},{"@type":"BreadcrumbList","@id":"https:\/\/fbvfamilylaw.co.uk\/fr\/faq-2\/#breadcrumb","itemListElement":[{"@type":"ListItem","position":1,"name":"Accueil","item":"https:\/\/fbvfamilylaw.co.uk\/fr\/"},{"@type":"ListItem","position":2,"name":"FAQ"}]},{"@type":"WebSite","@id":"https:\/\/fbvfamilylaw.co.uk\/fr\/#website","url":"https:\/\/fbvfamilylaw.co.uk\/fr\/","name":"FBV Family Law","description":"","publisher":{"@id":"https:\/\/fbvfamilylaw.co.uk\/fr\/#organization"},"potentialAction":[{"@type":"SearchAction","target":{"@type":"EntryPoint","urlTemplate":"https:\/\/fbvfamilylaw.co.uk\/fr\/?s={search_term_string}"},"query-input":"required name=search_term_string"}],"inLanguage":"fr-FR"},{"@type":"Organization","@id":"https:\/\/fbvfamilylaw.co.uk\/fr\/#organization","name":"FBV Family Law","url":"https:\/\/fbvfamilylaw.co.uk\/fr\/","logo":{"@type":"ImageObject","inLanguage":"fr-FR","@id":"https:\/\/fbvfamilylaw.co.uk\/fr\/#\/schema\/logo\/image\/","url":"https:\/\/fbvfamilylaw.co.uk\/wp-content\/uploads\/2024\/05\/favicon.png","contentUrl":"https:\/\/fbvfamilylaw.co.uk\/wp-content\/uploads\/2024\/05\/favicon.png","width":141,"height":93,"caption":"FBV Family Law"},"image":{"@id":"https:\/\/fbvfamilylaw.co.uk\/fr\/#\/schema\/logo\/image\/"}}]}},"_links":{"self":[{"href":"https:\/\/fbvfamilylaw.co.uk\/fr\/wp-json\/wp\/v2\/pages\/367","targetHints":{"allow":["GET"]}}],"collection":[{"href":"https:\/\/fbvfamilylaw.co.uk\/fr\/wp-json\/wp\/v2\/pages"}],"about":[{"href":"https:\/\/fbvfamilylaw.co.uk\/fr\/wp-json\/wp\/v2\/types\/page"}],"author":[{"embeddable":true,"href":"https:\/\/fbvfamilylaw.co.uk\/fr\/wp-json\/wp\/v2\/users\/1"}],"replies":[{"embeddable":true,"href":"https:\/\/fbvfamilylaw.co.uk\/fr\/wp-json\/wp\/v2\/comments?post=367"}],"version-history":[{"count":2,"href":"https:\/\/fbvfamilylaw.co.uk\/fr\/wp-json\/wp\/v2\/pages\/367\/revisions"}],"predecessor-version":[{"id":401,"href":"https:\/\/fbvfamilylaw.co.uk\/fr\/wp-json\/wp\/v2\/pages\/367\/revisions\/401"}],"wp:attachment":[{"href":"https:\/\/fbvfamilylaw.co.uk\/fr\/wp-json\/wp\/v2\/media?parent=367"}],"curies":[{"name":"wp","href":"https:\/\/api.w.org\/{rel}","templated":true}]}}