{"id":310,"date":"2024-05-29T09:09:58","date_gmt":"2024-05-29T07:09:58","guid":{"rendered":"https:\/\/fbvfamilylaw.co.uk\/?page_id=310"},"modified":"2024-06-20T23:49:50","modified_gmt":"2024-06-20T21:49:50","slug":"contact-en","status":"publish","type":"page","link":"https:\/\/fbvfamilylaw.co.uk\/fr\/contact-en\/","title":{"rendered":"Contact"},"content":{"rendered":"<div class=\"wp-block-columns alignwide is-layout-flex wp-container-core-columns-is-layout-9d6595d7 wp-block-columns-is-layout-flex\">\n<div class=\"wp-block-column white-background is-layout-flow wp-block-column-is-layout-flow\">\n<h1 class=\"wp-block-heading\">Entrons en contact<\/h1>\n\n\n\n<p>Vous avez une question ? Un probl\u00e8me dont vous aimeriez discuter ?<\/p>\n\n\n\n<p>N&#8217;h\u00e9sitez pas \u00e0 remplir ce formulaire et je ferai de mon mieux pour vous r\u00e9pondre dans les plus brefs d\u00e9lais.<\/p>\n\n\n\n<p>Vous pouvez \u00e9galement me contacter :<\/p>\n\n\n\n<div class=\"wp-block-columns editorskit-no-mobile is-layout-flex wp-container-core-columns-is-layout-9d6595d7 wp-block-columns-is-layout-flex\">\n<div class=\"wp-block-column is-layout-flow wp-block-column-is-layout-flow\" style=\"flex-basis:100px\">\n<p>Par e-mail \u2192<br>Par t\u00e9l\u00e9phone \u2192<\/p>\n<\/div>\n\n\n\n<div class=\"wp-block-column is-layout-flow wp-block-column-is-layout-flow\" style=\"flex-basis:66.66%\">\n<p>fbv@fbvfamilylaw.co.uk<br>+44 7515 472 944<br>+33 6 17 83 41 59<\/p>\n<\/div>\n<\/div>\n\n\n\n<div class=\"wp-block-group editorskit-no-desktop editorskit-no-tablet\"><div class=\"wp-block-group__inner-container is-layout-constrained wp-block-group-is-layout-constrained\">\n<p><strong>Par e-mail <\/strong><br>fbv@fbvfamilylaw.co.uk<\/p>\n\n\n\n<p><strong>Par t\u00e9l\u00e9phone<\/strong><br>+44 7515 472 944<br>+33 6 17 83 41 59<\/p>\n<\/div><\/div>\n<\/div>\n\n\n\n<div class=\"wp-block-column is-layout-flow wp-block-column-is-layout-flow\">\n<div class=\"wp-block-contact-form-7-contact-form-selector\">\n<div class=\"wpcf7 no-js\" id=\"wpcf7-f312-o1\" lang=\"en-GB\" dir=\"ltr\">\n<div class=\"screen-reader-response\"><p role=\"status\" aria-live=\"polite\" aria-atomic=\"true\"><\/p> <ul><\/ul><\/div>\n<form action=\"\/fr\/wp-json\/wp\/v2\/pages\/310#wpcf7-f312-o1\" method=\"post\" class=\"wpcf7-form init\" aria-label=\"Contact form\" novalidate=\"novalidate\" data-status=\"init\" data-trp-original-action=\"\/fr\/wp-json\/wp\/v2\/pages\/310#wpcf7-f312-o1\">\n<div style=\"display: none;\">\n<input type=\"hidden\" name=\"_wpcf7\" value=\"312\" \/>\n<input type=\"hidden\" name=\"_wpcf7_version\" value=\"5.9.6\" \/>\n<input type=\"hidden\" name=\"_wpcf7_locale\" value=\"en_GB\" \/>\n<input type=\"hidden\" name=\"_wpcf7_unit_tag\" value=\"wpcf7-f312-o1\" \/>\n<input type=\"hidden\" name=\"_wpcf7_container_post\" value=\"0\" \/>\n<input type=\"hidden\" name=\"_wpcf7_posted_data_hash\" value=\"\" \/>\n<input type=\"hidden\" name=\"_wpcf7_recaptcha_response\" value=\"\" \/>\n<\/div>\n<p><span class=\"wpcf7-form-control-wrap\" data-name=\"your-name\"><input size=\"40\" maxlength=\"80\" class=\"wpcf7-form-control wpcf7-text wpcf7-validates-as-required\" autocomplete=\"name\" aria-required=\"true\" aria-invalid=\"false\" placeholder=\"Votre nom\" value=\"\" type=\"text\" name=\"your-name\" \/><\/span>\n<\/p>\n<p><span class=\"wpcf7-form-control-wrap\" data-name=\"your-email\"><input size=\"40\" maxlength=\"80\" class=\"wpcf7-form-control wpcf7-email wpcf7-validates-as-required wpcf7-text wpcf7-validates-as-email\" autocomplete=\"email\" aria-required=\"true\" aria-invalid=\"false\" placeholder=\"Votre adresse e-mail\" value=\"\" type=\"email\" name=\"your-email\" \/><\/span>\n<\/p>\n<p><span class=\"wpcf7-form-control-wrap\" data-name=\"your-phone\"><input size=\"40\" maxlength=\"80\" class=\"wpcf7-form-control wpcf7-tel wpcf7-text wpcf7-validates-as-tel\" autocomplete=\"phone\" aria-invalid=\"false\" placeholder=\"Votre num\u00e9ro de t\u00e9l\u00e9phone\" value=\"\" type=\"tel\" name=\"your-phone\" \/><\/span>\n<\/p>\n<p><span class=\"wpcf7-form-control-wrap\" data-name=\"your-message\"><textarea cols=\"40\" rows=\"10\" maxlength=\"400\" class=\"wpcf7-form-control wpcf7-textarea\" aria-invalid=\"false\" placeholder=\"Votre message\" name=\"your-message\"><\/textarea><\/span>\n<\/p>\n<p><span class=\"wpcf7-form-control-wrap\" data-name=\"checkbox-178\"><span class=\"wpcf7-form-control wpcf7-checkbox wpcf7-validates-as-required\"><span class=\"wpcf7-list-item first last\"><label><input type=\"checkbox\" name=\"checkbox-178[]\" value=\"J&#039;ai lu et j&#039;accepte la politique de confidentialit\u00e9\" \/><span class=\"wpcf7-list-item-label\">J&#039;ai lu et j&#039;accepte la politique de confidentialit\u00e9<\/span><\/label><\/span><\/span><\/span>\n<\/p>\n<p><input class=\"wpcf7-form-control wpcf7-submit has-spinner\" type=\"submit\" value=\"Envoyer\" \/>\n<\/p><div class=\"wpcf7-response-output\" aria-hidden=\"true\"><\/div>\n<input type=\"hidden\" name=\"trp-form-language\" value=\"fr\"\/><\/form>\n<\/div>\n<\/div>\n<\/div>\n<\/div>\n\n\n\n<div class=\"wp-block-group alignwide google-map editorskit-no-mobile\"><div class=\"wp-block-group__inner-container is-layout-constrained wp-block-group-is-layout-constrained\">\n<iframe src=\"https:\/\/www.google.com\/maps\/embed?pb=!1m14!1m8!1m3!1d9931.749176361647!2d-0.1073498!3d51.5143664!3m2!1i1024!2i768!4f13.1!3m3!1m2!1s0x487604b2cb8a320f%3A0xc485bfba7537135f!2sFBV%20Family%20Law!5e0!3m2!1sfr!2suk!4v1713813518036!5m2!1sfr!2suk\" width=\"1400\" height=\"400\" style=\"border:0;\" allowfullscreen=\"\" loading=\"lazy\" referrerpolicy=\"no-referrer-when-downgrade\"><\/iframe>\n<\/div><\/div>\n\n\n\n<div class=\"wp-block-group alignwide google-map editorskit-no-desktop editorskit-no-tablet\"><div class=\"wp-block-group__inner-container is-layout-constrained wp-block-group-is-layout-constrained\">\n<iframe src=\"https:\/\/www.google.com\/maps\/embed?pb=!1m14!1m8!1m3!1d9931.749176361647!2d-0.1073498!3d51.5143664!3m2!1i1024!2i768!4f13.1!3m3!1m2!1s0x487604b2cb8a320f%3A0xc485bfba7537135f!2sFBV%20Family%20Law!5e0!3m2!1sfr!2suk!4v1713813518036!5m2!1sfr!2suk\" width=\"600\" height=\"450\" style=\"border:0;\" allowfullscreen=\"\" loading=\"lazy\" referrerpolicy=\"no-referrer-when-downgrade\"><\/iframe>\n<\/div><\/div>","protected":false},"excerpt":{"rendered":"<p>Entrons en contact Vous avez une question ? Un probl\u00e8me dont vous aimeriez discuter ? N&#8217;h\u00e9sitez pas \u00e0 remplir ce formulaire et je ferai de mon mieux pour vous r\u00e9pondre dans les plus brefs d\u00e9lais. Vous pouvez \u00e9galement me contacter : Par e-mail \u2192Par t\u00e9l\u00e9phone \u2192 fbv@fbvfamilylaw.co.uk+44 7515 472 944+33 6 17 83 41 59 [&hellip;]<\/p>","protected":false},"author":1,"featured_media":0,"parent":0,"menu_order":0,"comment_status":"closed","ping_status":"closed","template":"","meta":{"_editorskit_title_hidden":false,"_editorskit_reading_time":0,"_editorskit_is_block_options_detached":false,"_editorskit_block_options_position":"{}","_eb_attr":"","footnotes":""},"class_list":["post-310","page","type-page","status-publish","hentry"],"yoast_head":"<!-- This site is optimized with the Yoast SEO plugin v22.9 - https:\/\/yoast.com\/wordpress\/plugins\/seo\/ -->\n<title>Contact - FBV Family Law<\/title>\n<meta name=\"description\" content=\"Si vous avez des questions concernant le divorce, les enfants, la famille ou la gestation pour autrui en Angleterre, rentrons en contact !\" \/>\n<meta name=\"robots\" content=\"index, follow, max-snippet:-1, max-image-preview:large, max-video-preview:-1\" \/>\n<link rel=\"canonical\" href=\"https:\/\/fbvfamilylaw.co.uk\/fr\/contact-en\/\" \/>\n<meta property=\"og:locale\" content=\"fr_FR\" \/>\n<meta property=\"og:type\" content=\"article\" \/>\n<meta property=\"og:title\" content=\"Contact - FBV Family Law\" \/>\n<meta property=\"og:description\" content=\"Si vous avez des questions concernant le divorce, les enfants, la famille ou la gestation pour autrui en Angleterre, rentrons en contact !\" \/>\n<meta property=\"og:url\" content=\"https:\/\/fbvfamilylaw.co.uk\/fr\/contact-en\/\" \/>\n<meta property=\"og:site_name\" content=\"FBV Family Law\" \/>\n<meta property=\"article:modified_time\" content=\"2024-06-20T21:49:50+00:00\" \/>\n<meta name=\"twitter:card\" content=\"summary_large_image\" \/>\n<meta name=\"twitter:label1\" content=\"Dur\u00e9e de lecture estim\u00e9e\" \/>\n\t<meta name=\"twitter:data1\" content=\"1 minute\" \/>\n<script type=\"application\/ld+json\" class=\"yoast-schema-graph\">{\"@context\":\"https:\/\/schema.org\",\"@graph\":[{\"@type\":\"WebPage\",\"@id\":\"https:\/\/fbvfamilylaw.co.uk\/fr\/contact-en\/\",\"url\":\"https:\/\/fbvfamilylaw.co.uk\/fr\/contact-en\/\",\"name\":\"Contact - FBV Family Law\",\"isPartOf\":{\"@id\":\"https:\/\/fbvfamilylaw.co.uk\/fr\/#website\"},\"datePublished\":\"2024-05-29T07:09:58+00:00\",\"dateModified\":\"2024-06-20T21:49:50+00:00\",\"description\":\"Si vous avez des questions concernant le divorce, les enfants, la famille ou la gestation pour autrui en Angleterre, rentrons en contact !\",\"breadcrumb\":{\"@id\":\"https:\/\/fbvfamilylaw.co.uk\/fr\/contact-en\/#breadcrumb\"},\"inLanguage\":\"fr-FR\",\"potentialAction\":[{\"@type\":\"ReadAction\",\"target\":[\"https:\/\/fbvfamilylaw.co.uk\/fr\/contact-en\/\"]}]},{\"@type\":\"BreadcrumbList\",\"@id\":\"https:\/\/fbvfamilylaw.co.uk\/fr\/contact-en\/#breadcrumb\",\"itemListElement\":[{\"@type\":\"ListItem\",\"position\":1,\"name\":\"Accueil\",\"item\":\"https:\/\/fbvfamilylaw.co.uk\/fr\/\"},{\"@type\":\"ListItem\",\"position\":2,\"name\":\"Contact\"}]},{\"@type\":\"WebSite\",\"@id\":\"https:\/\/fbvfamilylaw.co.uk\/fr\/#website\",\"url\":\"https:\/\/fbvfamilylaw.co.uk\/fr\/\",\"name\":\"FBV Family Law\",\"description\":\"\",\"publisher\":{\"@id\":\"https:\/\/fbvfamilylaw.co.uk\/fr\/#organization\"},\"potentialAction\":[{\"@type\":\"SearchAction\",\"target\":{\"@type\":\"EntryPoint\",\"urlTemplate\":\"https:\/\/fbvfamilylaw.co.uk\/fr\/?s={search_term_string}\"},\"query-input\":\"required name=search_term_string\"}],\"inLanguage\":\"fr-FR\"},{\"@type\":\"Organization\",\"@id\":\"https:\/\/fbvfamilylaw.co.uk\/fr\/#organization\",\"name\":\"FBV Family Law\",\"url\":\"https:\/\/fbvfamilylaw.co.uk\/fr\/\",\"logo\":{\"@type\":\"ImageObject\",\"inLanguage\":\"fr-FR\",\"@id\":\"https:\/\/fbvfamilylaw.co.uk\/fr\/#\/schema\/logo\/image\/\",\"url\":\"https:\/\/fbvfamilylaw.co.uk\/wp-content\/uploads\/2024\/05\/favicon.png\",\"contentUrl\":\"https:\/\/fbvfamilylaw.co.uk\/wp-content\/uploads\/2024\/05\/favicon.png\",\"width\":141,\"height\":93,\"caption\":\"FBV Family Law\"},\"image\":{\"@id\":\"https:\/\/fbvfamilylaw.co.uk\/fr\/#\/schema\/logo\/image\/\"}}]}<\/script>\n<!-- \/ Yoast SEO plugin. -->","yoast_head_json":{"title":"Contact - FBV Family Law","description":"Si vous avez des questions concernant le divorce, les enfants, la famille ou la gestation pour autrui en Angleterre, rentrons en contact !","robots":{"index":"index","follow":"follow","max-snippet":"max-snippet:-1","max-image-preview":"max-image-preview:large","max-video-preview":"max-video-preview:-1"},"canonical":"https:\/\/fbvfamilylaw.co.uk\/fr\/contact-en\/","og_locale":"fr_FR","og_type":"article","og_title":"Contact - FBV Family Law","og_description":"Si vous avez des questions concernant le divorce, les enfants, la famille ou la gestation pour autrui en Angleterre, rentrons en contact !","og_url":"https:\/\/fbvfamilylaw.co.uk\/fr\/contact-en\/","og_site_name":"FBV Family Law","article_modified_time":"2024-06-20T21:49:50+00:00","twitter_card":"summary_large_image","twitter_misc":{"Dur\u00e9e de lecture estim\u00e9e":"1 minute"},"schema":{"@context":"https:\/\/schema.org","@graph":[{"@type":"WebPage","@id":"https:\/\/fbvfamilylaw.co.uk\/fr\/contact-en\/","url":"https:\/\/fbvfamilylaw.co.uk\/fr\/contact-en\/","name":"Contact - FBV Family Law","isPartOf":{"@id":"https:\/\/fbvfamilylaw.co.uk\/fr\/#website"},"datePublished":"2024-05-29T07:09:58+00:00","dateModified":"2024-06-20T21:49:50+00:00","description":"Si vous avez des questions concernant le divorce, les enfants, la famille ou la gestation pour autrui en Angleterre, rentrons en contact !","breadcrumb":{"@id":"https:\/\/fbvfamilylaw.co.uk\/fr\/contact-en\/#breadcrumb"},"inLanguage":"fr-FR","potentialAction":[{"@type":"ReadAction","target":["https:\/\/fbvfamilylaw.co.uk\/fr\/contact-en\/"]}]},{"@type":"BreadcrumbList","@id":"https:\/\/fbvfamilylaw.co.uk\/fr\/contact-en\/#breadcrumb","itemListElement":[{"@type":"ListItem","position":1,"name":"Accueil","item":"https:\/\/fbvfamilylaw.co.uk\/fr\/"},{"@type":"ListItem","position":2,"name":"Contact"}]},{"@type":"WebSite","@id":"https:\/\/fbvfamilylaw.co.uk\/fr\/#website","url":"https:\/\/fbvfamilylaw.co.uk\/fr\/","name":"FBV Family Law","description":"","publisher":{"@id":"https:\/\/fbvfamilylaw.co.uk\/fr\/#organization"},"potentialAction":[{"@type":"SearchAction","target":{"@type":"EntryPoint","urlTemplate":"https:\/\/fbvfamilylaw.co.uk\/fr\/?s={search_term_string}"},"query-input":"required name=search_term_string"}],"inLanguage":"fr-FR"},{"@type":"Organization","@id":"https:\/\/fbvfamilylaw.co.uk\/fr\/#organization","name":"FBV Family Law","url":"https:\/\/fbvfamilylaw.co.uk\/fr\/","logo":{"@type":"ImageObject","inLanguage":"fr-FR","@id":"https:\/\/fbvfamilylaw.co.uk\/fr\/#\/schema\/logo\/image\/","url":"https:\/\/fbvfamilylaw.co.uk\/wp-content\/uploads\/2024\/05\/favicon.png","contentUrl":"https:\/\/fbvfamilylaw.co.uk\/wp-content\/uploads\/2024\/05\/favicon.png","width":141,"height":93,"caption":"FBV Family Law"},"image":{"@id":"https:\/\/fbvfamilylaw.co.uk\/fr\/#\/schema\/logo\/image\/"}}]}},"_links":{"self":[{"href":"https:\/\/fbvfamilylaw.co.uk\/fr\/wp-json\/wp\/v2\/pages\/310","targetHints":{"allow":["GET"]}}],"collection":[{"href":"https:\/\/fbvfamilylaw.co.uk\/fr\/wp-json\/wp\/v2\/pages"}],"about":[{"href":"https:\/\/fbvfamilylaw.co.uk\/fr\/wp-json\/wp\/v2\/types\/page"}],"author":[{"embeddable":true,"href":"https:\/\/fbvfamilylaw.co.uk\/fr\/wp-json\/wp\/v2\/users\/1"}],"replies":[{"embeddable":true,"href":"https:\/\/fbvfamilylaw.co.uk\/fr\/wp-json\/wp\/v2\/comments?post=310"}],"version-history":[{"count":3,"href":"https:\/\/fbvfamilylaw.co.uk\/fr\/wp-json\/wp\/v2\/pages\/310\/revisions"}],"predecessor-version":[{"id":399,"href":"https:\/\/fbvfamilylaw.co.uk\/fr\/wp-json\/wp\/v2\/pages\/310\/revisions\/399"}],"wp:attachment":[{"href":"https:\/\/fbvfamilylaw.co.uk\/fr\/wp-json\/wp\/v2\/media?parent=310"}],"curies":[{"name":"wp","href":"https:\/\/api.w.org\/{rel}","templated":true}]}}